{"id":8,"date":"2012-05-12T06:09:51","date_gmt":"2012-05-12T06:09:51","guid":{"rendered":"http:\/\/palka.online-vorschau.de\/de\/?page_id=7"},"modified":"2016-09-16T19:45:09","modified_gmt":"2016-09-16T17:45:09","slug":"multimessfix-mehrstellen-messgeraet","status":"publish","type":"page","link":"http:\/\/www.palka-messtechnik.de\/de\/multimessfix-mehrstellen-messgeraet\/","title":{"rendered":"MultiMessFix"},"content":{"rendered":"<h1>Das universelle Mehrstellenmessger\u00e4t<\/h1>\n<p>Mit unserem patentierten Messsystem k\u00f6nnen Sie jetzt an Ihren Pr\u00e4zisionsdrehteilen\u00a0die Einstich- und Rollenbahnbreite, deren\u00a0Lage, innen sowie au\u00dfen, die Gesamtl\u00e4nge\u00a0und den Einstichdurchmesser\u00a0einfach,exakt und schnell messen.<\/p>\n<h2>Ihre Vorteile:<\/h2>\n<ul>\n<li>universell einsetzbar<\/li>\n<li>Messung sekundenschnell durchf\u00fchrbar<\/li>\n<li>einsetzbar direkt am Bearbeitungszentrum<\/li>\n<li>hohe Messgenauigkeit<\/li>\n<li>zerst\u00f6rungsfreie Messung<\/li>\n<li>sehr einfache und intuitive Handhabung<\/li>\n<li>viele Messmerkmale mit einem Messger\u00e4t messen<\/li>\n<li>schnell umr\u00fcstbar<\/li>\n<\/ul>\n<h2>Messbereich<\/h2>\n<p>Messweg: 6,00mm<br \/>\nAu\u00dfendurchmesser AD: 10,00 &#8211; 90mm<br \/>\nInnendurchmesser ID: 12,00 &#8211; 80mm<br \/>\nNutbreiten: 1,10 &#8211; 80mm<\/p>\n<h2>Downloads<\/h2>\n<p><a title=\"Produktflyer UniMessFix\" href=\"http:\/\/www.palka-messtechnik.de\/de\/wp-content\/uploads\/2015\/04\/PALKA-Flyer-UniMultiFix.pdf\" class=\"mtli_attachment mtli_pdf\" target=\"_blank\">Produktflyer MultiMessFix<\/a><br \/>\n<a title=\"Bedienungsanleitung MultiMessFix\" href=\"http:\/\/www.palka-messtechnik.de\/de\/wp-content\/uploads\/2016\/09\/1_MultiMessFix_dt.pdf\" class=\"mtli_attachment mtli_pdf\" target=\"_blank\">Bedienungsanleitung MultiMessFix<\/a><\/p>\n<h1>Funktionsweise des MultiMessFix<\/h1>\n<p>[vslider name=&#8221;multimessfix&#8221;]<\/p>\n","protected":false},"excerpt":{"rendered":"<p>Das universelle Mehrstellenmessger\u00e4t Mit unserem patentierten Messsystem k\u00f6nnen Sie jetzt an Ihren Pr\u00e4zisionsdrehteilen\u00a0die Einstich- und Rollenbahnbreite, deren\u00a0Lage, innen sowie au\u00dfen, die Gesamtl\u00e4nge\u00a0und den Einstichdurchmesser\u00a0einfach,exakt und schnell messen. Ihre Vorteile: universell einsetzbar Messung sekundenschnell durchf\u00fchrbar einsetzbar direkt am Bearbeitungszentrum hohe Messgenauigkeit zerst\u00f6rungsfreie Messung sehr einfache und intuitive Handhabung viele Messmerkmale mit einem Messger\u00e4t messen schnell umr\u00fcstbar [&hellip;]<\/p>\n","protected":false},"author":1,"featured_media":0,"parent":0,"menu_order":20,"comment_status":"open","ping_status":"open","template":"","meta":[],"_links":{"self":[{"href":"http:\/\/www.palka-messtechnik.de\/de\/wp-json\/wp\/v2\/pages\/8"}],"collection":[{"href":"http:\/\/www.palka-messtechnik.de\/de\/wp-json\/wp\/v2\/pages"}],"about":[{"href":"http:\/\/www.palka-messtechnik.de\/de\/wp-json\/wp\/v2\/types\/page"}],"author":[{"embeddable":true,"href":"http:\/\/www.palka-messtechnik.de\/de\/wp-json\/wp\/v2\/users\/1"}],"replies":[{"embeddable":true,"href":"http:\/\/www.palka-messtechnik.de\/de\/wp-json\/wp\/v2\/comments?post=8"}],"version-history":[{"count":10,"href":"http:\/\/www.palka-messtechnik.de\/de\/wp-json\/wp\/v2\/pages\/8\/revisions"}],"predecessor-version":[{"id":93,"href":"http:\/\/www.palka-messtechnik.de\/de\/wp-json\/wp\/v2\/pages\/8\/revisions\/93"}],"wp:attachment":[{"href":"http:\/\/www.palka-messtechnik.de\/de\/wp-json\/wp\/v2\/media?parent=8"}],"curies":[{"name":"wp","href":"https:\/\/api.w.org\/{rel}","templated":true}]}}