{"id":7,"date":"2012-05-05T07:56:35","date_gmt":"2012-05-05T07:56:35","guid":{"rendered":"http:\/\/palka.online-vorschau.de\/de\/?page_id=4"},"modified":"2022-11-15T21:24:55","modified_gmt":"2022-11-15T19:24:55","slug":"impressum","status":"publish","type":"page","link":"http:\/\/www.palka-messtechnik.de\/de\/impressum\/","title":{"rendered":"Impressum"},"content":{"rendered":"<p><b>Angaben gem\u00e4\u00df \u00a7 5 TMG<\/b><\/p>\n<p><b><br \/>\n<\/b><b>PALKA Messtechnik<br \/>\nSusanne Palka<br \/>\nWeidenb\u00fchlstra\u00dfe 9a<br \/>\n78247 Hilzingen<\/b><\/p>\n<p><b>Tel: +49 (0) 160 99094185<br \/>\nE-Mail: <a href=\"mailto:info@palka-messtechnik.de\">info@palka-messtechnik.de<\/a><br \/>\nWeb: www.palka-messtechnik.de<\/b><\/p>\n<p><b>Gesch\u00e4ftsinhaberin: <\/b>Susanne Palka<b><\/b><\/p>\n<p><b>Umsatzsteuer-ID: <\/b>DE274534879<b><\/b><\/p>\n<p><b>\u00a0<\/b><b>Inhaltlich verantwortlich gem\u00e4\u00df \u00a7 55 RStV:\u00a0<\/b><\/p>\n<p>Susanne Palka, Weidenb\u00fchlstra\u00dfe 9a, 78247 Hilzingen<b><\/b><\/p>\n<p><b>Online-Streitbeilegung<\/b><\/p>\n<p>Die Europ\u00e4ische Kommission stellt unter https:\/\/ec.europa.eu\/consumers\/odr\/ eine Plattform zur Online-Streitbeilegung bereit, die Verbraucher f\u00fcr die Beilegung einer Streitigkeit nutzen k\u00f6nnen und auf der weitere Informationen zum Thema Streitschlichtung zu finden sind.<\/p>\n<p><b>Au\u00dfergerichtliche Streitbeilegung<\/b><\/p>\n<p>Wir sind weder verpflichtet noch dazu bereit, im Falle einer Streitigkeit mit einem Verbraucher an einem Streitbeilegungsverfahren vor einer Verbraucherschlichtungsstelle teilzunehmen.<\/p>\n<p>Haftungsausschluss<\/p>\n<h2>1. Inhalt des Onlineangebotes<\/h2>\n<p>Der Autor \u00fcbernimmt keinerlei Gew\u00e4hr f\u00fcr die Aktualit\u00e4t, Korrektheit, Vollst\u00e4ndigkeit oder Qualit\u00e4t der bereitgestellten Informationen. Haftungsanspr\u00fcche gegen den Autor, welche sich auf Sch\u00e4den materieller oder<br \/>\nideeller Art beziehen, die durch die Nutzung oder Nichtnutzung der dargebotenen Informationen bzw. durch die Nutzung fehlerhafter und unvollst\u00e4ndiger Informationen verursacht wurden, sind grunds\u00e4tzlich<br \/>\nausgeschlossen, sofern seitens des Autors kein nachweislich vors\u00e4tzliches oder grob fahrl\u00e4ssiges Verschulden vorliegt.<br \/>\nAlle Angebote sind freibleibend und unverbindlich. Der Autor beh\u00e4lt es sich ausdr\u00fccklich vor, Teile der Seiten oder das gesamte Angebot ohne gesonderte Ank\u00fcndigung zu ver\u00e4ndern, zu erg\u00e4nzen, zu l\u00f6schen oder die<br \/>\nVer\u00f6ffentlichung zeitweise oder endg\u00fcltig einzustellen.<\/p>\n<h2>2. Verweise und Links<\/h2>\n<p>Bei direkten oder indirekten Verweisen auf fremde Webseiten (&#8220;Hyperlinks&#8221;), die au\u00dferhalb des Verantwortungsbereiches des Autors liegen, w\u00fcrde eine Haftungsverpflichtung ausschlie\u00dflich in dem Fall in Kraft treten,<br \/>\nin dem der Autor von den Inhalten Kenntnis hat und es ihm technisch m\u00f6glich und zumutbar w\u00e4re, die Nutzung im Falle rechtswidriger Inhalte zu verhindern.<br \/>\nDer Autor erkl\u00e4rt hiermit ausdr\u00fccklich, dass zum Zeitpunkt der Linksetzung keine illegalen Inhalte auf den zu verlinkenden Seiten erkennbar waren. Auf die aktuelle und zuk\u00fcnftige Gestaltung, die Inhalte oder die<br \/>\nUrheberschaft der verlinkten\/verkn\u00fcpften Seiten hat der Autor keinerlei Einfluss. Deshalb distanziert er sich hiermit ausdr\u00fccklich von allen Inhalten aller verlinkten \/verkn\u00fcpften Seiten, die nach der Linksetzung ver\u00e4ndert<br \/>\nwurden. Diese Feststellung gilt f\u00fcr alle innerhalb des eigenen Internetangebotes gesetzten Links und Verweise sowie f\u00fcr Fremdeintr\u00e4ge in vom Autor eingerichteten G\u00e4steb\u00fcchern, Diskussionsforen,<br \/>\nLinkverzeichnissen, Mailinglisten und in allen anderen Formen von Datenbanken, auf deren Inhalt externe Schreibzugriffe m\u00f6glich sind. F\u00fcr illegale, fehlerhafte oder unvollst\u00e4ndige Inhalte und insbesondere f\u00fcr Sch\u00e4den,<br \/>\ndie aus der Nutzung oder Nichtnutzung solcherart dargebotener Informationen entstehen, haftet allein der Anbieter der Seite, auf welche verwiesen wurde, nicht derjenige, der \u00fcber Links auf die jeweilige<br \/>\nVer\u00f6ffentlichung lediglich verweist.<\/p>\n<h2>3. Urheber- und Kennzeichenrecht<\/h2>\n<p>Der Autor ist bestrebt, in allen Publikationen die Urheberrechte der verwendeten Bilder, Grafiken, Tondokumente, Videosequenzen und Texte zu beachten, von ihm selbst erstellte Bilder, Grafiken, Tondokumente,<br \/>\nVideosequenzen und Texte zu nutzen oder auf lizenzfreie Grafiken, Tondokumente, Videosequenzen und Texte zur\u00fcckzugreifen.<br \/>\nAlle innerhalb des Internetangebotes genannten und ggf. durch Dritte gesch\u00fctzten Marken- und Warenzeichen unterliegen uneingeschr\u00e4nkt den Bestimmungen des jeweils g\u00fcltigen Kennzeichenrechts und den<br \/>\nBesitzrechten der jeweiligen eingetragenen Eigent\u00fcmer. Allein aufgrund der blo\u00dfen Nennung ist nicht der Schluss zu ziehen, dass Markenzeichen nicht durch Rechte Dritter gesch\u00fctzt sind!<br \/>\nDas Copyright f\u00fcr ver\u00f6ffentlichte, vom Autor selbst erstellte Objekte bleibt allein beim Autor der Seiten. Eine Vervielf\u00e4ltigung oder Verwendung solcher Grafiken, Tondokumente, Videosequenzen und Texte in anderen<br \/>\nelektronischen oder gedruckten Publikationen ist ohne ausdr\u00fcckliche Zustimmung des Autors nicht gestattet.<\/p>\n<h2>4. Datenschutz<\/h2>\n<p>Hinweise zum Datenschutz entnehmen Sie bitte aus unserer <a title=\"Datenschutzerkl\u00e4rung\" href=\"http:\/\/www.palka-messtechnik.de\/de\/datenschutz\/\">Datenschutzerkl\u00e4rung<\/a>.<\/p>\n<h2>5. Rechtswirksamkeit dieses Haftungsausschlusses<\/h2>\n<p>Dieser Haftungsausschluss ist als Teil des Internetangebotes zu betrachten, von dem aus auf diese Seite verwiesen wurde. Sofern Teile oder einzelne Formulierungen dieses Textes der geltenden Rechtslage nicht,<br \/>\nnicht mehr oder nicht vollst\u00e4ndig entsprechen sollten, bleiben die \u00fcbrigen Teile des Dokumentes in ihrem Inhalt und ihrer G\u00fcltigkeit davon unber\u00fchrt.<\/p>\n","protected":false},"excerpt":{"rendered":"<p>Angaben gem\u00e4\u00df \u00a7 5 TMG PALKA Messtechnik Susanne Palka Weidenb\u00fchlstra\u00dfe 9a 78247 Hilzingen Tel: +49 (0) 160 99094185 E-Mail: info@palka-messtechnik.de Web: www.palka-messtechnik.de Gesch\u00e4ftsinhaberin: Susanne Palka Umsatzsteuer-ID: DE274534879 \u00a0Inhaltlich verantwortlich gem\u00e4\u00df \u00a7 55 RStV:\u00a0 Susanne Palka, Weidenb\u00fchlstra\u00dfe 9a, 78247 Hilzingen Online-Streitbeilegung Die Europ\u00e4ische Kommission stellt unter https:\/\/ec.europa.eu\/consumers\/odr\/ eine Plattform zur Online-Streitbeilegung bereit, die Verbraucher f\u00fcr die [&hellip;]<\/p>\n","protected":false},"author":1,"featured_media":0,"parent":0,"menu_order":97,"comment_status":"open","ping_status":"open","template":"","meta":[],"_links":{"self":[{"href":"http:\/\/www.palka-messtechnik.de\/de\/wp-json\/wp\/v2\/pages\/7"}],"collection":[{"href":"http:\/\/www.palka-messtechnik.de\/de\/wp-json\/wp\/v2\/pages"}],"about":[{"href":"http:\/\/www.palka-messtechnik.de\/de\/wp-json\/wp\/v2\/types\/page"}],"author":[{"embeddable":true,"href":"http:\/\/www.palka-messtechnik.de\/de\/wp-json\/wp\/v2\/users\/1"}],"replies":[{"embeddable":true,"href":"http:\/\/www.palka-messtechnik.de\/de\/wp-json\/wp\/v2\/comments?post=7"}],"version-history":[{"count":7,"href":"http:\/\/www.palka-messtechnik.de\/de\/wp-json\/wp\/v2\/pages\/7\/revisions"}],"predecessor-version":[{"id":163,"href":"http:\/\/www.palka-messtechnik.de\/de\/wp-json\/wp\/v2\/pages\/7\/revisions\/163"}],"wp:attachment":[{"href":"http:\/\/www.palka-messtechnik.de\/de\/wp-json\/wp\/v2\/media?parent=7"}],"curies":[{"name":"wp","href":"https:\/\/api.w.org\/{rel}","templated":true}]}}