{"id":6,"date":"2010-02-25T12:14:00","date_gmt":"2010-02-25T12:14:00","guid":{"rendered":"http:\/\/palka.online-vorschau.de\/de\/?page_id=2"},"modified":"2022-04-03T19:08:48","modified_gmt":"2022-04-03T17:08:48","slug":"about","status":"publish","type":"page","link":"http:\/\/www.palka-messtechnik.de\/de\/","title":{"rendered":"\u00dcber Palka Messtechnik"},"content":{"rendered":"<h2>Ihr Partner in Sachen Messtechnik<\/h2>\n<p>Die noch junge Firma PALKA Messtechnik ist ein Familienunternehmen und wurde im Jahr 2010 gegr\u00fcndet. Deren K\u00f6pfe sch\u00f6pfen aus \u00fcber 40 j\u00e4hriger Erfahrungen im Bereich Messtechnik: Sondermessger\u00e4tebau f\u00fcr die Praxis. Aus diesen Erfahrungen sind schon mehrere Patente entstanden.<\/p>\n<p>Wir zeichnen uns weiter durch kundenspezifischen Messl\u00f6sungen, Fertigung auf h\u00f6chsten Qualit\u00e4tsniveau mit gro\u00dfer Flexibilit\u00e4t und kurzen Lieferzeiten aus.<\/p>\n<h2>Nuten- &amp; Einstichmessger\u00e4t<\/h2>\n<p>Mit den neu entwickelten Einstichmessger\u00e4t UniMessFix erleichtern wir dem Produktionswerker und dem Messtechniker die exakte:<\/p>\n<ul>\n<li>Messungen von Einstichbreiten<\/li>\n<li>Messungen von Nutbreiten<\/li>\n<li>Messungen von Rollenbahnbreiten die Einstichlagen<\/li>\n<li>Messungen von Nut- und Rollenbahnlagen innen sowie au\u00dfen an Ihren Dreh- und Fr\u00e4steilen.<\/li>\n<\/ul>\n<h2>Mehrstellenmessger\u00e4t<\/h2>\n<p>Mit dem Mehrstellenmessger\u00e4t MultiMessFix k\u00f6nnen Sie zus\u00e4tzlich noch den Einstichdurchmesser und die L\u00e4ngenmessung bzw. H\u00f6henmessung an Ihren Dreh- und Fr\u00e4steilen messen. Weitere Messmerkmale sind m\u00f6glich.<br \/>\nDie Messungen sind zerst\u00f6rungsfrei und erfolgen mit diesen mechanischen Messger\u00e4ten direkt in der Produktion am Bearbeitungszentrum.<br \/>\nAuf Ihre Messanforderungen zugeschnitten entwickeln wir f\u00fcr Sie auch Sondermesssysteme.<\/p>\n<h2>Wir stellen auch nach Kundenanforderung Sondermessger\u00e4te her<\/h2>\n<p>Wie zum Beispiel:<br \/>\nEinstichmessger\u00e4te, Nutenmessger\u00e4te, Mehrstellenmessger\u00e4te, Mehrstellenmessger\u00e4t zur Einstichmessung Nutenmessung: Einstichbreiten \/ Nutenbreiten, Einstichlagen, Nutenlagen, Einstichdurchmesser, Nutgrund Durchmesser innen und au\u00dfen Messung.<\/p>\n","protected":false},"excerpt":{"rendered":"<p>Ihr Partner in Sachen Messtechnik Die noch junge Firma PALKA Messtechnik ist ein Familienunternehmen und wurde im Jahr 2010 gegr\u00fcndet. Deren K\u00f6pfe sch\u00f6pfen aus \u00fcber 40 j\u00e4hriger Erfahrungen im Bereich Messtechnik: Sondermessger\u00e4tebau f\u00fcr die Praxis. Aus diesen Erfahrungen sind schon mehrere Patente entstanden. Wir zeichnen uns weiter durch kundenspezifischen Messl\u00f6sungen, Fertigung auf h\u00f6chsten Qualit\u00e4tsniveau mit [&hellip;]<\/p>\n","protected":false},"author":1,"featured_media":0,"parent":0,"menu_order":0,"comment_status":"open","ping_status":"open","template":"","meta":[],"_links":{"self":[{"href":"http:\/\/www.palka-messtechnik.de\/de\/wp-json\/wp\/v2\/pages\/6"}],"collection":[{"href":"http:\/\/www.palka-messtechnik.de\/de\/wp-json\/wp\/v2\/pages"}],"about":[{"href":"http:\/\/www.palka-messtechnik.de\/de\/wp-json\/wp\/v2\/types\/page"}],"author":[{"embeddable":true,"href":"http:\/\/www.palka-messtechnik.de\/de\/wp-json\/wp\/v2\/users\/1"}],"replies":[{"embeddable":true,"href":"http:\/\/www.palka-messtechnik.de\/de\/wp-json\/wp\/v2\/comments?post=6"}],"version-history":[{"count":25,"href":"http:\/\/www.palka-messtechnik.de\/de\/wp-json\/wp\/v2\/pages\/6\/revisions"}],"predecessor-version":[{"id":160,"href":"http:\/\/www.palka-messtechnik.de\/de\/wp-json\/wp\/v2\/pages\/6\/revisions\/160"}],"wp:attachment":[{"href":"http:\/\/www.palka-messtechnik.de\/de\/wp-json\/wp\/v2\/media?parent=6"}],"curies":[{"name":"wp","href":"https:\/\/api.w.org\/{rel}","templated":true}]}}