{"id":20,"date":"2012-05-13T20:40:12","date_gmt":"2012-05-13T20:40:12","guid":{"rendered":"http:\/\/palka.online-vorschau.de\/de\/?page_id=20"},"modified":"2016-09-16T19:43:14","modified_gmt":"2016-09-16T17:43:14","slug":"unimessfix-einstichmessgeraet","status":"publish","type":"page","link":"http:\/\/www.palka-messtechnik.de\/de\/unimessfix-einstichmessgeraet\/","title":{"rendered":"UniMessFix"},"content":{"rendered":"<h1>Das universelle Einstichmessger\u00e4t<\/h1>\n<p>Ab jetzt Einstichmessungen leicht gemacht!\u00a0Mit unserem patentierten Messsystem k\u00f6nnen Sie an Ihren Pr\u00e4zisionsdreh- und Fr\u00e4steilen die Nut-, Einstich- und Rollenbahnbreite sowie deren Lage innen und au\u00dfen einfach, exakt und schnell messen.<\/p>\n<h2>Ihre Vorteile:<\/h2>\n<ul>\n<li>universell einsetzbar<\/li>\n<li>Messung sekundenschnell<\/li>\n<li>direkt am Bearbeitungszentrum<\/li>\n<li>hohe Messgenauigkeit<\/li>\n<li>zerst\u00f6rungsfreie Messung<\/li>\n<li>sehr einfache Handhabung<\/li>\n<\/ul>\n<h2>Messbereich<\/h2>\n<p>Messweg: 8mm<br \/>\nAu\u00dfendurchmesser AD: 10,00 -100mm<br \/>\nInnendurchmesser ID: 12,00 &#8211; 80mm<br \/>\nNutbreiten: 1,10 &#8211; 80mm<\/p>\n<h2>Downloads<\/h2>\n<p><a title=\"Produktflyer MultiMessFix\" href=\"http:\/\/www.palka-messtechnik.de\/de\/wp-content\/uploads\/2015\/04\/PALKA-Flyer-UniMessFix.pdf\" class=\"mtli_attachment mtli_pdf\" target=\"_blank\">Produktflyer UniMessFix<\/a><br \/>\n<a title=\"Bedienungsanleitung UniMessFix\" href=\"http:\/\/www.palka-messtechnik.de\/de\/wp-content\/uploads\/2016\/09\/1_UniMessFix_Gesamt.pdf\" class=\"mtli_attachment mtli_pdf\" target=\"_blank\">Bedienungsanleitung UniMessFix<\/a><\/p>\n<h1>Funktionsweise des UniMessFix<\/h1>\n<p>[vslider name=&#8221;vslider_options&#8221;]<\/p>\n","protected":false},"excerpt":{"rendered":"<p>Das universelle Einstichmessger\u00e4t Ab jetzt Einstichmessungen leicht gemacht!\u00a0Mit unserem patentierten Messsystem k\u00f6nnen Sie an Ihren Pr\u00e4zisionsdreh- und Fr\u00e4steilen die Nut-, Einstich- und Rollenbahnbreite sowie deren Lage innen und au\u00dfen einfach, exakt und schnell messen. Ihre Vorteile: universell einsetzbar Messung sekundenschnell direkt am Bearbeitungszentrum hohe Messgenauigkeit zerst\u00f6rungsfreie Messung sehr einfache Handhabung Messbereich Messweg: 8mm Au\u00dfendurchmesser AD: [&hellip;]<\/p>\n","protected":false},"author":1,"featured_media":0,"parent":0,"menu_order":0,"comment_status":"open","ping_status":"open","template":"","meta":[],"_links":{"self":[{"href":"http:\/\/www.palka-messtechnik.de\/de\/wp-json\/wp\/v2\/pages\/20"}],"collection":[{"href":"http:\/\/www.palka-messtechnik.de\/de\/wp-json\/wp\/v2\/pages"}],"about":[{"href":"http:\/\/www.palka-messtechnik.de\/de\/wp-json\/wp\/v2\/types\/page"}],"author":[{"embeddable":true,"href":"http:\/\/www.palka-messtechnik.de\/de\/wp-json\/wp\/v2\/users\/1"}],"replies":[{"embeddable":true,"href":"http:\/\/www.palka-messtechnik.de\/de\/wp-json\/wp\/v2\/comments?post=20"}],"version-history":[{"count":20,"href":"http:\/\/www.palka-messtechnik.de\/de\/wp-json\/wp\/v2\/pages\/20\/revisions"}],"predecessor-version":[{"id":147,"href":"http:\/\/www.palka-messtechnik.de\/de\/wp-json\/wp\/v2\/pages\/20\/revisions\/147"}],"wp:attachment":[{"href":"http:\/\/www.palka-messtechnik.de\/de\/wp-json\/wp\/v2\/media?parent=20"}],"curies":[{"name":"wp","href":"https:\/\/api.w.org\/{rel}","templated":true}]}}